{"id":7,"date":"2026-04-15T10:10:30","date_gmt":"2026-04-15T08:10:30","guid":{"rendered":"https:\/\/pepinierescardon.fr\/?page_id=7"},"modified":"2026-04-15T11:06:27","modified_gmt":"2026-04-15T09:06:27","slug":"les-pepinieres-cardon-vous-accompagnent-dans-tous-vos-projets-au-jardin","status":"publish","type":"page","link":"https:\/\/pepinierescardon.fr\/","title":{"rendered":"Les P\u00e9pini\u00e8res CARDON vous accompagnent dans tous vos projets jardin !"},"content":{"rendered":"\n<figure class=\"wp-block-image size-full has-custom-border\"><img loading=\"lazy\" decoding=\"async\" width=\"680\" height=\"510\" src=\"https:\/\/pepinierescardon.fr\/wp-content\/uploads\/2026\/04\/cardon.jpg\" alt=\"\" class=\"wp-image-49\" style=\"border-top-left-radius:50px;border-top-right-radius:50px;border-bottom-left-radius:50px;border-bottom-right-radius:50px\" srcset=\"https:\/\/pepinierescardon.fr\/wp-content\/uploads\/2026\/04\/cardon.jpg 680w, https:\/\/pepinierescardon.fr\/wp-content\/uploads\/2026\/04\/cardon-300x225.jpg 300w\" sizes=\"auto, (max-width: 680px) 100vw, 680px\" \/><\/figure>\n\n\n\n<p>Entreprise familiale et locale, les P\u00e9pini\u00e8res Cardon vous accueillent et vous guident toute l&rsquo;ann\u00e9e pour vos achats de v\u00e9g\u00e9taux.<\/p>\n\n\n\n<div style=\"height:15px\" aria-hidden=\"true\" class=\"wp-block-spacer\"><\/div>\n\n\n\n<p>11 avenue de Lattre de Tassigny &#8211; 33410 CADILLAC-SUR-GARONNE<\/p>\n\n\n\n<p>05 56 76 29 71<\/p>\n\n\n\n<div style=\"height:15px\" aria-hidden=\"true\" class=\"wp-block-spacer\"><\/div>\n\n\n\n<ul class=\"wp-block-social-links has-icon-color has-icon-background-color is-style-default is-content-justification-center is-layout-flex wp-container-core-social-links-is-layout-c3d5205c wp-block-social-links-is-layout-flex\" style=\"margin-top:0;margin-bottom:0\"><li style=\"color:#ffffff;background-color:#ab0000;\" class=\"wp-social-link wp-social-link-facebook has-base-color wp-block-social-link\"><a rel=\"noopener nofollow\" target=\"_blank\" href=\"https:\/\/www.facebook.com\/Pepinierescardon\" class=\"wp-block-social-link-anchor\"><svg width=\"24\" height=\"24\" viewBox=\"0 0 24 24\" version=\"1.1\" xmlns=\"http:\/\/www.w3.org\/2000\/svg\" aria-hidden=\"true\" focusable=\"false\"><path d=\"M12 2C6.5 2 2 6.5 2 12c0 5 3.7 9.1 8.4 9.9v-7H7.9V12h2.5V9.8c0-2.5 1.5-3.9 3.8-3.9 1.1 0 2.2.2 2.2.2v2.5h-1.3c-1.2 0-1.6.8-1.6 1.6V12h2.8l-.4 2.9h-2.3v7C18.3 21.1 22 17 22 12c0-5.5-4.5-10-10-10z\"><\/path><\/svg><span class=\"wp-block-social-link-label screen-reader-text\">Facebook<\/span><\/a><\/li>\n\n<li style=\"color:#ffffff;background-color:#ab0000;\" class=\"wp-social-link wp-social-link-mail has-base-color wp-block-social-link\"><a rel=\"noopener nofollow\" target=\"_blank\" href=\"mailto:pepinieres@pepinierescardon.fr\" class=\"wp-block-social-link-anchor\"><svg width=\"24\" height=\"24\" viewBox=\"0 0 24 24\" version=\"1.1\" xmlns=\"http:\/\/www.w3.org\/2000\/svg\" aria-hidden=\"true\" focusable=\"false\"><path d=\"M19,5H5c-1.1,0-2,.9-2,2v10c0,1.1.9,2,2,2h14c1.1,0,2-.9,2-2V7c0-1.1-.9-2-2-2zm.5,12c0,.3-.2.5-.5.5H5c-.3,0-.5-.2-.5-.5V9.8l7.5,5.6,7.5-5.6V17zm0-9.1L12,13.6,4.5,7.9V7c0-.3.2-.5.5-.5h14c.3,0,.5.2.5.5v.9z\"><\/path><\/svg><span class=\"wp-block-social-link-label screen-reader-text\">E-mail<\/span><\/a><\/li><\/ul>\n\n\n\n<p><\/p>\n","protected":false},"excerpt":{"rendered":"<p>Entreprise familiale et locale, les P\u00e9pini\u00e8res Cardon vous accueillent et vous guident toute l&rsquo;ann\u00e9e pour vos achats de v\u00e9g\u00e9taux. 11 avenue de Lattre de Tassigny &#8211; 33410 CADILLAC-SUR-GARONNE 05 56 76 29 71<\/p>\n","protected":false},"author":1,"featured_media":0,"parent":0,"menu_order":0,"comment_status":"closed","ping_status":"closed","template":"","meta":{"footnotes":""},"class_list":["post-7","page","type-page","status-publish","hentry"],"_links":{"self":[{"href":"https:\/\/pepinierescardon.fr\/index.php?rest_route=\/wp\/v2\/pages\/7","targetHints":{"allow":["GET"]}}],"collection":[{"href":"https:\/\/pepinierescardon.fr\/index.php?rest_route=\/wp\/v2\/pages"}],"about":[{"href":"https:\/\/pepinierescardon.fr\/index.php?rest_route=\/wp\/v2\/types\/page"}],"author":[{"embeddable":true,"href":"https:\/\/pepinierescardon.fr\/index.php?rest_route=\/wp\/v2\/users\/1"}],"replies":[{"embeddable":true,"href":"https:\/\/pepinierescardon.fr\/index.php?rest_route=%2Fwp%2Fv2%2Fcomments&post=7"}],"version-history":[{"count":8,"href":"https:\/\/pepinierescardon.fr\/index.php?rest_route=\/wp\/v2\/pages\/7\/revisions"}],"predecessor-version":[{"id":52,"href":"https:\/\/pepinierescardon.fr\/index.php?rest_route=\/wp\/v2\/pages\/7\/revisions\/52"}],"wp:attachment":[{"href":"https:\/\/pepinierescardon.fr\/index.php?rest_route=%2Fwp%2Fv2%2Fmedia&parent=7"}],"curies":[{"name":"wp","href":"https:\/\/api.w.org\/{rel}","templated":true}]}}